{"id":14474,"date":"2020-08-19T07:40:26","date_gmt":"2020-08-19T07:40:26","guid":{"rendered":"https:\/\/wpbingosite.com\/wordpress\/kowine\/?page_id=14474"},"modified":"2025-10-31T17:28:04","modified_gmt":"2025-10-31T15:28:04","slug":"faq","status":"publish","type":"page","link":"https:\/\/mamajuana-shop.ch\/de\/faq\/","title":{"rendered":"Faq"},"content":{"rendered":"<div data-elementor-type=\"wp-page\" data-elementor-id=\"14474\" class=\"elementor elementor-14474\">\n\t\t\t\t\t\t<section class=\"elementor-section elementor-top-section elementor-element elementor-element-66e9c05 elementor-section-boxed elementor-section-height-default elementor-section-height-default\" data-id=\"66e9c05\" data-element_type=\"section\">\n\t\t\t\t\t\t<div class=\"elementor-container elementor-column-gap-default\">\n\t\t\t\t\t<div class=\"elementor-column elementor-col-100 elementor-top-column elementor-element elementor-element-4170ba4\" data-id=\"4170ba4\" data-element_type=\"column\">\n\t\t\t<div class=\"elementor-widget-wrap elementor-element-populated\">\n\t\t\t\t\t\t<div class=\"elementor-element elementor-element-ca300dd elementor-view-default elementor-widget elementor-widget-icon\" data-id=\"ca300dd\" data-element_type=\"widget\" data-widget_type=\"icon.default\">\n\t\t\t\t\t\t\t<div class=\"elementor-icon-wrapper\">\n\t\t\t<div class=\"elementor-icon\">\n\t\t\t\t\t\t<\/div>\n\t\t<\/div>\n\t\t\t\t\t\t<\/div>\n\t\t\t\t<div class=\"elementor-element elementor-element-ba7f0e9 title-block-1 elementor-widget elementor-widget-heading\" data-id=\"ba7f0e9\" data-element_type=\"widget\" data-widget_type=\"heading.default\">\n\t\t\t\t\t<h2 class=\"elementor-heading-title elementor-size-default\">H\u00e4ufig gestellte Fragen<span>.<\/span><\/h2>\t\t\t\t<\/div>\n\t\t\t\t\t<\/div>\n\t\t<\/div>\n\t\t\t\t\t<\/div>\n\t\t<\/section>\n\t\t\t\t<section class=\"elementor-section elementor-top-section elementor-element elementor-element-acbdb48 elementor-section-boxed elementor-section-height-default elementor-section-height-default\" data-id=\"acbdb48\" data-element_type=\"section\">\n\t\t\t\t\t\t<div class=\"elementor-container elementor-column-gap-default\">\n\t\t\t\t\t<div class=\"elementor-column elementor-col-50 elementor-top-column elementor-element elementor-element-2d2b84b\" data-id=\"2d2b84b\" data-element_type=\"column\">\n\t\t\t<div class=\"elementor-widget-wrap elementor-element-populated\">\n\t\t\t\t\t\t<div class=\"elementor-element elementor-element-8a84d42 elementor-widget elementor-widget-text-editor\" data-id=\"8a84d42\" data-element_type=\"widget\" data-widget_type=\"text-editor.default\">\n\t\t\t\t\t\t\t\t\t<p>Wohin liefern Sie?<\/p>\t\t\t\t\t\t\t\t<\/div>\n\t\t\t\t<div class=\"elementor-element elementor-element-19dfa4d elementor-widget elementor-widget-text-editor\" data-id=\"19dfa4d\" data-element_type=\"widget\" data-widget_type=\"text-editor.default\">\n\t\t\t\t\t\t\t\t\t<p>Wir liefern derzeit <strong data-start=\"255\" data-end=\"289\">Ausschlie\u00dflich innerhalb der Schweiz<\/strong>.<\/p>\t\t\t\t\t\t\t\t<\/div>\n\t\t\t\t<div class=\"elementor-element elementor-element-2ddce35 elementor-widget elementor-widget-text-editor\" data-id=\"2ddce35\" data-element_type=\"widget\" data-widget_type=\"text-editor.default\">\n\t\t\t\t\t\t\t\t\t<p>Welche Liefer- und Abholm\u00f6glichkeiten bieten Sie an?<\/p>\t\t\t\t\t\t\t\t<\/div>\n\t\t\t\t<div class=\"elementor-element elementor-element-f82b452 elementor-widget elementor-widget-text-editor\" data-id=\"f82b452\" data-element_type=\"widget\" data-widget_type=\"text-editor.default\">\n\t\t\t\t\t\t\t\t\t<p data-start=\"353\" data-end=\"407\">You can choose from the following options at checkout:<\/p><ul data-start=\"408\" data-end=\"641\"><li data-start=\"408\" data-end=\"444\"><p data-start=\"410\" data-end=\"444\"><strong data-start=\"410\" data-end=\"433\">Standard-Schweizer Post<\/strong> \u2013 CHF 8.50<\/p><\/li><li data-start=\"445\" data-end=\"480\"><p data-start=\"447\" data-end=\"480\"><strong data-start=\"447\" data-end=\"469\">Express Swiss Post<\/strong> \u2013 CHF 15.00<\/p><\/li><li data-start=\"481\" data-end=\"553\"><p data-start=\"483\" data-end=\"553\"><strong data-start=\"483\" data-end=\"525\">Lokale Lieferung in Montreux (Waadtland)<\/strong> \u2013 Free in-person delivery<\/p><\/li><li data-start=\"554\" data-end=\"641\"><p data-start=\"556\" data-end=\"641\"><strong data-start=\"556\" data-end=\"567\">Pick Up<\/strong> \u2013 Kostenlose Abholm\u00f6glichkeit (wir kontaktieren Sie, um einen passenden Zeitpunkt zu vereinbaren)<\/p><\/li><\/ul>\t\t\t\t\t\t\t\t<\/div>\n\t\t\t\t<div class=\"elementor-element elementor-element-9342301 elementor-widget elementor-widget-text-editor\" data-id=\"9342301\" data-element_type=\"widget\" data-widget_type=\"text-editor.default\">\n\t\t\t\t\t\t\t\t\t<p>Wie kann ich meine Bestellung verfolgen?<\/p>\t\t\t\t\t\t\t\t<\/div>\n\t\t\t\t<div class=\"elementor-element elementor-element-ca54782 elementor-widget elementor-widget-text-editor\" data-id=\"ca54782\" data-element_type=\"widget\" data-widget_type=\"text-editor.default\">\n\t\t\t\t\t\t\t\t\t<p data-start=\"682\" data-end=\"814\">Sie k\u00f6nnen Ihre Bestellung jederzeit verfolgen, indem Sie unsere Tracking-Seite besuchen:<br data-start=\"745\" data-end=\"748\" \/>\ud83d\udc49 <a class=\"\" href=\"https:\/\/mamajuana-shop.ch\/de\/order-tracking\/\" target=\"_new\" rel=\"noopener\" data-start=\"751\" data-end=\"814\"><strong data-start=\"752\" data-end=\"770\">Order Tracking<\/strong><\/a><\/p><p data-start=\"816\" data-end=\"928\">Sie erhalten au\u00dferdem eine Best\u00e4tigungs-E-Mail mit Ihren Bestelldaten. Dar\u00fcber hinaus k\u00f6nnen Sie Ihren Bestellstatus \u00fcberpr\u00fcfen:<\/p><ul data-start=\"929\" data-end=\"1025\"><li data-start=\"929\" data-end=\"973\"><p data-start=\"931\" data-end=\"973\">Durch deine <strong data-start=\"944\" data-end=\"973\">Mamajuana-shop.ch-Konto<\/strong><\/p><\/li><li data-start=\"974\" data-end=\"1025\"><p data-start=\"976\" data-end=\"1025\">Oder kontaktieren Sie uns unter <strong data-start=\"999\" data-end=\"1025\"><a class=\"cursor-pointer\" href=\"mailto:info@mamajuana-shop.ch\" rel=\"noopener\" data-start=\"1001\" data-end=\"1023\">info@mamajuana-shop.ch <\/a>or by phone at <a href=\"tel:+41791017048\">+41 79 101 70 48<\/a><\/strong><\/p><\/li><\/ul>\t\t\t\t\t\t\t\t<\/div>\n\t\t\t\t\t<\/div>\n\t\t<\/div>\n\t\t\t\t<div class=\"elementor-column elementor-col-50 elementor-top-column elementor-element elementor-element-46827e5\" data-id=\"46827e5\" data-element_type=\"column\">\n\t\t\t<div class=\"elementor-widget-wrap elementor-element-populated\">\n\t\t\t\t\t\t<div class=\"elementor-element elementor-element-e97e387 elementor-widget elementor-widget-text-editor\" data-id=\"e97e387\" data-element_type=\"widget\" data-widget_type=\"text-editor.default\">\n\t\t\t\t\t\t\t\t\t<p>Wie lange dauert es, bis ich meine Bestellung erhalte?<\/p>\t\t\t\t\t\t\t\t<\/div>\n\t\t\t\t<div class=\"elementor-element elementor-element-20eb60b elementor-widget elementor-widget-text-editor\" data-id=\"20eb60b\" data-element_type=\"widget\" data-widget_type=\"text-editor.default\">\n\t\t\t\t\t\t\t\t\t<p data-start=\"1083\" data-end=\"1137\">Die Lieferzeiten variieren je nach ausgew\u00e4hlter Option:<\/p><ul data-start=\"1138\" data-end=\"1370\"><li data-start=\"1138\" data-end=\"1179\"><p data-start=\"1140\" data-end=\"1179\"><strong data-start=\"1140\" data-end=\"1157\">Standard Post<\/strong> \u2013 2\u20133 Werktage<\/p><\/li><li data-start=\"1180\" data-end=\"1228\"><p data-start=\"1182\" data-end=\"1228\"><strong data-start=\"1182\" data-end=\"1198\">Express Post<\/strong> \u2013 Usually next business day<\/p><\/li><li data-start=\"1229\" data-end=\"1302\"><p data-start=\"1231\" data-end=\"1302\"><strong data-start=\"1231\" data-end=\"1249\">Local Delivery<\/strong> \u2013 Terminplanung basierend auf Ihrem Standort (Raum Montreux)<\/p><\/li><li data-start=\"1303\" data-end=\"1370\"><p data-start=\"1305\" data-end=\"1370\"><strong data-start=\"1305\" data-end=\"1316\">Pick Up<\/strong> \u2013 Die \u00dcbergabe stimmen wir direkt mit Ihnen ab<\/p><\/li><\/ul><p>Bitte beachten Sie, dass wir nach schweizerischem Recht nur zwischen 06:00 und 21:00 Uhr liefern k\u00f6nnen<\/p>\t\t\t\t\t\t\t\t<\/div>\n\t\t\t\t<div class=\"elementor-element elementor-element-8c5f1a8 elementor-widget elementor-widget-text-editor\" data-id=\"8c5f1a8\" data-element_type=\"widget\" data-widget_type=\"text-editor.default\">\n\t\t\t\t\t\t\t\t\t<p>Wo finde ich meine Bestelldaten?<\/p>\t\t\t\t\t\t\t\t<\/div>\n\t\t\t\t<div class=\"elementor-element elementor-element-a0d6221 elementor-widget elementor-widget-text-editor\" data-id=\"a0d6221\" data-element_type=\"widget\" data-widget_type=\"text-editor.default\">\n\t\t\t\t\t\t\t\t\t<p data-start=\"1420\" data-end=\"1459\">Hier finden Sie alle Ihre Bestellinformationen:<\/p><ul data-start=\"1460\" data-end=\"1556\"><li data-start=\"1460\" data-end=\"1509\"><p data-start=\"1462\" data-end=\"1509\">In deinem <strong data-start=\"1470\" data-end=\"1492\">Best\u00e4tigungs-E-Mail<\/strong> nach dem Kauf<\/p><\/li><li data-start=\"1510\" data-end=\"1556\"><p data-start=\"1512\" data-end=\"1556\">In deinem <strong data-start=\"1520\" data-end=\"1541\">Konto-Dashboard<\/strong> wenn eingeloggt<\/p><\/li><\/ul>\t\t\t\t\t\t\t\t<\/div>\n\t\t\t\t<div class=\"elementor-element elementor-element-8744d1e elementor-widget elementor-widget-text-editor\" data-id=\"8744d1e\" data-element_type=\"widget\" data-widget_type=\"text-editor.default\">\n\t\t\t\t\t\t\t\t\t<p>Ich habe eine Frage zu meiner Bestellung. Wie kann ich Sie erreichen?<\/p>\t\t\t\t\t\t\t\t<\/div>\n\t\t\t\t<div class=\"elementor-element elementor-element-f06fc3a elementor-widget elementor-widget-text-editor\" data-id=\"f06fc3a\" data-element_type=\"widget\" data-widget_type=\"text-editor.default\">\n\t\t\t\t\t\t\t\t\t<p>Wir sind hier, um zu helfen! Kontaktieren Sie uns jederzeit unter <strong data-start=\"1668\" data-end=\"1694\"><a class=\"cursor-pointer\" href=\"tel:+41791017048\" rel=\"noopener\" data-start=\"1670\" data-end=\"1692\">info@mamajuana-shop.ch or by phone at +41 79 101 70 48<\/a><\/strong><\/p>\t\t\t\t\t\t\t\t<\/div>\n\t\t\t\t\t<\/div>\n\t\t<\/div>\n\t\t\t\t\t<\/div>\n\t\t<\/section>\n\t\t<div class=\"elementor-element elementor-element-59e0d5a e-flex e-con-boxed e-con e-parent\" data-id=\"59e0d5a\" data-element_type=\"container\">\n\t\t\t\t\t<div class=\"e-con-inner\">\n\t\t\t\t<div class=\"elementor-element elementor-element-4d9cd28 elementor-widget elementor-widget-shortcode\" data-id=\"4d9cd28\" data-element_type=\"widget\" data-widget_type=\"shortcode.default\">\n\t\t\t\t\t\t\t<div class=\"elementor-shortcode\">         <div class=\"listeo-ai-chat-wrapper\" id=\"listeo-ai-chat-14474\" style=\"height: 600px\" data-hide-images=\"0\">\n            <div class=\"listeo-ai-chat-container\">\n                <div class=\"listeo-ai-chat-header\">\n                    <div class=\"listeo-ai-chat-header-left\">\n                                                <div class=\"listeo-ai-chat-title\">Mamajuana AI Assistant<\/div>\n                    <\/div>\n                    <button\n                        class=\"listeo-ai-chat-clear-btn\"\n                        title=\"Unterhaltung l\u00f6schen\"\n                    >\n                        <img decoding=\"async\" src=\"https:\/\/mamajuana-shop.ch\/wp-content\/plugins\/ai-chat-search\/assets\/icons\/refresh.svg\" alt=\"Refresh\" width=\"16\" height=\"16\" \/>\n                    <\/button>\n                <\/div>\n                <div class=\"listeo-ai-chat-messages\" id=\"listeo-ai-chat-14474-messages\">\n                    <!-- Welcome message added by JavaScript to avoid flash of wrong content -->\n                <\/div>\n\n                \n                <div class=\"listeo-ai-chat-input-wrapper\">\n                    <textarea\n                        id=\"listeo-ai-chat-14474-input\"\n                        class=\"listeo-ai-chat-input\"\n                        placeholder=\"Nachricht eingeben\"\n                        rows=\"2\"\n                    ><\/textarea>\n                    <button\n                        id=\"listeo-ai-chat-14474-send\"\n                        class=\"listeo-ai-chat-send-btn\"\n                    >\n                        <img decoding=\"async\" src=\"https:\/\/mamajuana-shop.ch\/wp-content\/plugins\/ai-chat-search\/assets\/icons\/arrow-up.svg\" alt=\"Send\" width=\"16\" height=\"16\" \/>\n                    <\/button>\n                <\/div>\n\n                                    <div class=\"listeo-ai-chat-terms-notice\">\n                        Mamajuana AI can make mistakes. Consider verifying important information with Mamajuana-shop team                    <\/div>\n                \n                \n                <!-- Contact Form Overlay -->\n                <div class=\"listeo-ai-contact-form-overlay\" style=\"display: none;\">\n                    <div class=\"listeo-ai-contact-form\">\n                        <div class=\"listeo-ai-contact-form-header\">\n                            <h3>Kontaktieren Sie uns<\/h3>\n                            <div class=\"listeo-ai-contact-form-close\" role=\"button\" aria-label=\"Schlie\u00dfen\">\n                                <svg width=\"16\" height=\"16\" viewbox=\"0 0 24 24\" fill=\"none\" stroke=\"currentColor\" stroke-width=\"2.5\" stroke-linecap=\"round\" stroke-linejoin=\"round\"><line x1=\"18\" y1=\"6\" x2=\"6\" y2=\"18\"\/><line x1=\"6\" y1=\"6\" x2=\"18\" y2=\"18\"\/><\/svg>\n                            <\/div>\n                        <\/div>\n                        <form class=\"listeo-ai-contact-form-body\" action=\"\">\n                            <div class=\"listeo-ai-contact-form-field\">\n                                <label for=\"listeo-contact-name-listeo-ai-chat-14474\">Name <span class=\"required\">*<\/span><\/label>\n                                <input type=\"text\" id=\"listeo-contact-name-listeo-ai-chat-14474\" name=\"name\" required \/>\n                            <\/div>\n                            <div class=\"listeo-ai-contact-form-field\">\n                                <label for=\"listeo-contact-email-listeo-ai-chat-14474\">E-Mail <span class=\"required\">*<\/span><\/label>\n                                <input type=\"email\" id=\"listeo-contact-email-listeo-ai-chat-14474\" name=\"email\" required \/>\n                            <\/div>\n                            <div class=\"listeo-ai-contact-form-field\">\n                                <label for=\"listeo-contact-message-listeo-ai-chat-14474\">Nachricht <span class=\"required\">*<\/span><\/label>\n                                <textarea id=\"listeo-contact-message-listeo-ai-chat-14474\" name=\"message\" rows=\"4\" required><\/textarea>\n                            <\/div>\n                            <div class=\"listeo-ai-contact-form-actions\">\n                                <button type=\"submit\" class=\"listeo-ai-contact-form-submit\">\n                                    <span class=\"button-text\">Nachricht senden<\/span>\n                                    <span class=\"button-spinner\" style=\"display: none;\">\n                                        <svg width=\"16\" height=\"16\" viewbox=\"0 0 24 24\" fill=\"none\" xmlns=\"http:\/\/www.w3.org\/2000\/svg\">\n                                            <path d=\"M12,1A11,11,0,1,0,23,12,11,11,0,0,0,12,1Zm0,19a8,8,0,1,1,8-8A8,8,0,0,1,12,20Z\" opacity=\"0.25\" fill=\"currentColor\"\/>\n                                            <path d=\"M12,4a8,8,0,0,1,7.89,6.7A1.53,1.53,0,0,0,21.38,12h0a1.5,1.5,0,0,0,1.48-1.75,11,11,0,0,0-21.72,0A1.5,1.5,0,0,0,2.62,12h0a1.53,1.53,0,0,0,1.49-1.3A8,8,0,0,1,12,4Z\" fill=\"currentColor\">\n                                                <animatetransform attributename=\"transform\" dur=\"0.75s\" repeatcount=\"indefinite\" type=\"rotate\" values=\"0 12 12;360 12 12\"\/>\n                                            <\/path>\n                                        <\/svg>\n                                    <\/span>\n                                <\/button>\n                            <\/div>\n                            <div class=\"listeo-ai-contact-form-message\" style=\"display: none;\"><\/div>\n                        <input type=\"hidden\" name=\"trp-form-language\" value=\"de\"\/><\/form>\n                    <\/div>\n                <\/div>\n            <\/div>\n        <\/div>\n         <\/div>\n\t\t\t\t\t\t<\/div>\n\t\t\t\t\t<\/div>\n\t\t\t\t<\/div>\n\t\t\t\t<\/div>","protected":false},"excerpt":{"rendered":"<p>Frequently Asked Questions. Where do you deliver? We currently deliver exclusively within Switzerland. What delivery and pick-up options do you offer? You can choose from the following options at checkout: Standard Swiss Post \u2013 CHF 8.50 Express Swiss Post \u2013 CHF 15.00 Local Delivery in Montreux (Vaud area) \u2013 Free in-person delivery Pick Up \u2013 [&hellip;]<\/p>\n","protected":false},"author":1,"featured_media":0,"parent":0,"menu_order":0,"comment_status":"closed","ping_status":"closed","template":"","meta":{"footnotes":""},"class_list":["post-14474","page","type-page","status-publish","hentry"],"yoast_head":"<!-- This site is optimized with the Yoast SEO plugin v27.2 - https:\/\/yoast.com\/product\/yoast-seo-wordpress\/ -->\n<title>Faq - Mamajuana Shop<\/title>\n<meta name=\"description\" content=\"Frequently asked questions by customers looking for Mamajuana in Switzerland and Europe. Visit this FAQ page\" \/>\n<meta name=\"robots\" content=\"index, follow, max-snippet:-1, max-image-preview:large, max-video-preview:-1\" \/>\n<link rel=\"canonical\" href=\"https:\/\/mamajuana-shop.ch\/de\/faq\/\" \/>\n<meta property=\"og:locale\" content=\"de_DE\" \/>\n<meta property=\"og:type\" content=\"article\" \/>\n<meta property=\"og:title\" content=\"Faq - Mamajuana Shop\" \/>\n<meta property=\"og:description\" content=\"Frequently asked questions by customers looking for Mamajuana in Switzerland and Europe. Visit this FAQ page\" \/>\n<meta property=\"og:url\" content=\"https:\/\/mamajuana-shop.ch\/de\/faq\/\" \/>\n<meta property=\"og:site_name\" content=\"Mamajuana Shop\" \/>\n<meta property=\"article:modified_time\" content=\"2025-10-31T15:28:04+00:00\" \/>\n<meta name=\"twitter:card\" content=\"summary_large_image\" \/>\n<meta name=\"twitter:label1\" content=\"Gesch\u00e4tzte Lesezeit\" \/>\n\t<meta name=\"twitter:data1\" content=\"2\u00a0Minuten\" \/>\n<script type=\"application\/ld+json\" class=\"yoast-schema-graph\">{\"@context\":\"https:\/\/schema.org\",\"@graph\":[{\"@type\":\"WebPage\",\"@id\":\"https:\/\/mamajuana-shop.ch\/faq\/\",\"url\":\"https:\/\/mamajuana-shop.ch\/faq\/\",\"name\":\"Faq - Mamajuana Shop\",\"isPartOf\":{\"@id\":\"https:\/\/mamajuana-shop.ch\/#website\"},\"datePublished\":\"2020-08-19T07:40:26+00:00\",\"dateModified\":\"2025-10-31T15:28:04+00:00\",\"description\":\"Frequently asked questions by customers looking for Mamajuana in Switzerland and Europe. Visit this FAQ page\",\"breadcrumb\":{\"@id\":\"https:\/\/mamajuana-shop.ch\/faq\/#breadcrumb\"},\"inLanguage\":\"de\",\"potentialAction\":[{\"@type\":\"ReadAction\",\"target\":[\"https:\/\/mamajuana-shop.ch\/faq\/\"]}]},{\"@type\":\"BreadcrumbList\",\"@id\":\"https:\/\/mamajuana-shop.ch\/faq\/#breadcrumb\",\"itemListElement\":[{\"@type\":\"ListItem\",\"position\":1,\"name\":\"Home\",\"item\":\"https:\/\/mamajuana-shop.ch\/\"},{\"@type\":\"ListItem\",\"position\":2,\"name\":\"Faq\"}]},{\"@type\":\"WebSite\",\"@id\":\"https:\/\/mamajuana-shop.ch\/#website\",\"url\":\"https:\/\/mamajuana-shop.ch\/\",\"name\":\"Mamajuana Shop\",\"description\":\"Dominican mamajuana in Switzerland\",\"publisher\":{\"@id\":\"https:\/\/mamajuana-shop.ch\/#organization\"},\"potentialAction\":[{\"@type\":\"SearchAction\",\"target\":{\"@type\":\"EntryPoint\",\"urlTemplate\":\"https:\/\/mamajuana-shop.ch\/?s={search_term_string}\"},\"query-input\":{\"@type\":\"PropertyValueSpecification\",\"valueRequired\":true,\"valueName\":\"search_term_string\"}}],\"inLanguage\":\"de\"},{\"@type\":\"Organization\",\"@id\":\"https:\/\/mamajuana-shop.ch\/#organization\",\"name\":\"Mamajuana Shop\",\"url\":\"https:\/\/mamajuana-shop.ch\/\",\"logo\":{\"@type\":\"ImageObject\",\"inLanguage\":\"de\",\"@id\":\"https:\/\/mamajuana-shop.ch\/#\/schema\/logo\/image\/\",\"url\":\"https:\/\/mamajuana-shop.ch\/wp-content\/uploads\/2025\/07\/mamajuana-logo-sans-bg.png\",\"contentUrl\":\"https:\/\/mamajuana-shop.ch\/wp-content\/uploads\/2025\/07\/mamajuana-logo-sans-bg.png\",\"width\":1094,\"height\":167,\"caption\":\"Mamajuana Shop\"},\"image\":{\"@id\":\"https:\/\/mamajuana-shop.ch\/#\/schema\/logo\/image\/\"},\"sameAs\":[\"https:\/\/www.instagram.com\/mamajuana.karibea\/\"]}]}<\/script>\n<!-- \/ Yoast SEO plugin. -->","yoast_head_json":{"title":"FAQ - Mamajuana Shop","description":"H\u00e4ufig gestellte Fragen von Kunden, die Mamajuana in der Schweiz und in Europa suchen. Besuchen Sie diese FAQ-Seite","robots":{"index":"index","follow":"follow","max-snippet":"max-snippet:-1","max-image-preview":"max-image-preview:large","max-video-preview":"max-video-preview:-1"},"canonical":"https:\/\/mamajuana-shop.ch\/de\/faq\/","og_locale":"de_DE","og_type":"article","og_title":"Faq - Mamajuana Shop","og_description":"Frequently asked questions by customers looking for Mamajuana in Switzerland and Europe. Visit this FAQ page","og_url":"https:\/\/mamajuana-shop.ch\/de\/faq\/","og_site_name":"Mamajuana Shop","article_modified_time":"2025-10-31T15:28:04+00:00","twitter_card":"summary_large_image","twitter_misc":{"Gesch\u00e4tzte Lesezeit":"2\u00a0Minuten"},"schema":{"@context":"https:\/\/schema.org","@graph":[{"@type":"WebPage","@id":"https:\/\/mamajuana-shop.ch\/faq\/","url":"https:\/\/mamajuana-shop.ch\/faq\/","name":"FAQ - Mamajuana Shop","isPartOf":{"@id":"https:\/\/mamajuana-shop.ch\/#website"},"datePublished":"2020-08-19T07:40:26+00:00","dateModified":"2025-10-31T15:28:04+00:00","description":"H\u00e4ufig gestellte Fragen von Kunden, die Mamajuana in der Schweiz und in Europa suchen. Besuchen Sie diese FAQ-Seite","breadcrumb":{"@id":"https:\/\/mamajuana-shop.ch\/faq\/#breadcrumb"},"inLanguage":"de","potentialAction":[{"@type":"ReadAction","target":["https:\/\/mamajuana-shop.ch\/faq\/"]}]},{"@type":"BreadcrumbList","@id":"https:\/\/mamajuana-shop.ch\/faq\/#breadcrumb","itemListElement":[{"@type":"ListItem","position":1,"name":"Home","item":"https:\/\/mamajuana-shop.ch\/"},{"@type":"ListItem","position":2,"name":"Faq"}]},{"@type":"WebSite","@id":"https:\/\/mamajuana-shop.ch\/#website","url":"https:\/\/mamajuana-shop.ch\/","name":"Mamajuana Shop","description":"Dominican mamajuana in Switzerland","publisher":{"@id":"https:\/\/mamajuana-shop.ch\/#organization"},"potentialAction":[{"@type":"SearchAction","target":{"@type":"EntryPoint","urlTemplate":"https:\/\/mamajuana-shop.ch\/?s={search_term_string}"},"query-input":{"@type":"PropertyValueSpecification","valueRequired":true,"valueName":"search_term_string"}}],"inLanguage":"de"},{"@type":"Organization","@id":"https:\/\/mamajuana-shop.ch\/#organization","name":"Mamajuana Shop","url":"https:\/\/mamajuana-shop.ch\/","logo":{"@type":"ImageObject","inLanguage":"de","@id":"https:\/\/mamajuana-shop.ch\/#\/schema\/logo\/image\/","url":"https:\/\/mamajuana-shop.ch\/wp-content\/uploads\/2025\/07\/mamajuana-logo-sans-bg.png","contentUrl":"https:\/\/mamajuana-shop.ch\/wp-content\/uploads\/2025\/07\/mamajuana-logo-sans-bg.png","width":1094,"height":167,"caption":"Mamajuana Shop"},"image":{"@id":"https:\/\/mamajuana-shop.ch\/#\/schema\/logo\/image\/"},"sameAs":["https:\/\/www.instagram.com\/mamajuana.karibea\/"]}]}},"jetpack_sharing_enabled":true,"_links":{"self":[{"href":"https:\/\/mamajuana-shop.ch\/de\/wp-json\/wp\/v2\/pages\/14474","targetHints":{"allow":["GET"]}}],"collection":[{"href":"https:\/\/mamajuana-shop.ch\/de\/wp-json\/wp\/v2\/pages"}],"about":[{"href":"https:\/\/mamajuana-shop.ch\/de\/wp-json\/wp\/v2\/types\/page"}],"author":[{"embeddable":true,"href":"https:\/\/mamajuana-shop.ch\/de\/wp-json\/wp\/v2\/users\/1"}],"replies":[{"embeddable":true,"href":"https:\/\/mamajuana-shop.ch\/de\/wp-json\/wp\/v2\/comments?post=14474"}],"version-history":[{"count":25,"href":"https:\/\/mamajuana-shop.ch\/de\/wp-json\/wp\/v2\/pages\/14474\/revisions"}],"predecessor-version":[{"id":25339,"href":"https:\/\/mamajuana-shop.ch\/de\/wp-json\/wp\/v2\/pages\/14474\/revisions\/25339"}],"wp:attachment":[{"href":"https:\/\/mamajuana-shop.ch\/de\/wp-json\/wp\/v2\/media?parent=14474"}],"curies":[{"name":"wp","href":"https:\/\/api.w.org\/{rel}","templated":true}]}}