{"id":25116,"date":"2025-09-03T19:39:53","date_gmt":"2025-09-03T17:39:53","guid":{"rendered":"https:\/\/mamajuana-shop.ch\/?post_type=product&#038;p=25116"},"modified":"2026-01-09T16:02:10","modified_gmt":"2026-01-09T14:02:10","slug":"200ml-vanilla-mamajuana","status":"publish","type":"product","link":"https:\/\/mamajuana-shop.ch\/de\/product\/200ml-vanilla-mamajuana\/","title":{"rendered":"200ML &#8211; Vanilla Mamajuana"},"content":{"rendered":"<p data-start=\"138\" data-end=\"209\"><strong data-start=\"138\" data-end=\"209\">Exclusive Edition Vanilla Batch Mamajuana \u2013 Only 20 Bottles were made at the beginning, after the success we receive, we decided to make Mamajuana Vanilla an official edition of Karibea and even create the 200ML version.<\/strong><\/p>\n<p data-start=\"211\" data-end=\"463\">Entdecken Sie mit uns eine seltene Variante der Tradition <strong data-start=\"255\" data-end=\"282\">Vanille-Batch Mamajuana<\/strong>, handgefertigt in der Schweiz von Mamajuana-Shop.ch. Diese Kleinserienver\u00f6ffentlichung mischt Premium-Rum, Rotwein, Vanille und traditionelle dominikanische Wurzeln f\u00fcr einen sanften, sanft s\u00fc\u00dfen Geschmack.<\/p>\n<ul data-start=\"465\" data-end=\"780\">\n<li data-start=\"465\" data-end=\"521\">\n<p data-start=\"467\" data-end=\"521\">Exclusive edition<\/p>\n<\/li>\n<li data-start=\"522\" data-end=\"561\">\n<p data-start=\"524\" data-end=\"561\"><strong data-start=\"524\" data-end=\"533\">200ml<\/strong> reichhaltiger, milder Vanille-Mamajuana-Note<\/p>\n<\/li>\n<li data-start=\"562\" data-end=\"610\">\n<p data-start=\"564\" data-end=\"610\">22-mal gefiltert f\u00fcr au\u00dfergew\u00f6hnliche Klarheit und Gl\u00e4tte<\/p>\n<\/li>\n<li data-start=\"611\" data-end=\"673\">\n<p data-start=\"613\" data-end=\"673\">Angereichert mit nat\u00fcrlicher Vanille, Rum, Rotwein und ausgew\u00e4hlten Wurzeln<\/p>\n<\/li>\n<li data-start=\"674\" data-end=\"721\">\n<p data-start=\"676\" data-end=\"721\">26 % Alkohol \u2013 sanft und perfekt ausbalanciert<\/p>\n<\/li>\n<li data-start=\"722\" data-end=\"780\">\n<p data-start=\"724\" data-end=\"780\">Handgefertigt in der Schweiz mit karibischer Tradition<\/p>\n<\/li>\n<li data-start=\"722\" data-end=\"780\">Traditionell bei Zimmertemperatur genossen, kann es auch gek\u00fchlt serviert werden.<\/li>\n<\/ul>\n<p data-start=\"782\" data-end=\"947\">Warm, aromatisch und dezent s\u00fc\u00df: Dieses exklusive Mamajuana ist der perfekte Digestif oder Sammlergeschenk. Ein k\u00fchnes Erbe, neu interpretiert mit raffinierter Schweizer Handwerkskunst.<\/p>\n<p data-start=\"782\" data-end=\"947\"><em>The sale of this product is prohibited to persons under 18.<\/em><\/p>","protected":false},"excerpt":{"rendered":"<p data-start=\"138\" data-end=\"209\"><strong data-start=\"138\" data-end=\"209\">Exclusive Edition Vanilla Batch Mamajuana \u2013 Only 20 Bottles were made at the beginning, after the success we receive, we decided to make Mamajuana Vanilla an official edition of Karibea and even create the 200ML version.<\/strong><\/p>\n<p data-start=\"211\" data-end=\"463\">Entdecken Sie mit uns eine seltene Variante der Tradition <strong data-start=\"255\" data-end=\"282\">Vanille-Batch Mamajuana<\/strong>, handgefertigt in der Schweiz von Mamajuana-Shop.ch. Diese Kleinserienver\u00f6ffentlichung mischt Premium-Rum, Rotwein, Vanille und traditionelle dominikanische Wurzeln f\u00fcr einen sanften, sanft s\u00fc\u00dfen Geschmack.<\/p>\n<ul data-start=\"465\" data-end=\"780\">\n<li data-start=\"465\" data-end=\"521\">\n<p data-start=\"467\" data-end=\"521\">Exclusive edition<\/p>\n<\/li>\n<li data-start=\"522\" data-end=\"561\">\n<p data-start=\"524\" data-end=\"561\"><strong data-start=\"524\" data-end=\"533\">200ml<\/strong> reichhaltiger, milder Vanille-Mamajuana-Note<\/p>\n<\/li>\n<li data-start=\"562\" data-end=\"610\">\n<p data-start=\"564\" data-end=\"610\">22-mal gefiltert f\u00fcr au\u00dfergew\u00f6hnliche Klarheit und Gl\u00e4tte<\/p>\n<\/li>\n<li data-start=\"611\" data-end=\"673\">\n<p data-start=\"613\" data-end=\"673\">Angereichert mit nat\u00fcrlicher Vanille, Rum, Rotwein und ausgew\u00e4hlten Wurzeln<\/p>\n<\/li>\n<li data-start=\"674\" data-end=\"721\">\n<p data-start=\"676\" data-end=\"721\">26 % Alkohol \u2013 sanft und perfekt ausbalanciert<\/p>\n<\/li>\n<li data-start=\"722\" data-end=\"780\">\n<p data-start=\"724\" data-end=\"780\">Handgefertigt in der Schweiz mit karibischer Tradition<\/p>\n<\/li>\n<li data-start=\"722\" data-end=\"780\">Traditionell bei Zimmertemperatur genossen, kann es auch gek\u00fchlt serviert werden.<\/li>\n<\/ul>\n<p data-start=\"782\" data-end=\"947\">Warm, aromatisch und dezent s\u00fc\u00df: Dieses exklusive Mamajuana ist der perfekte Digestif oder Sammlergeschenk. Ein k\u00fchnes Erbe, neu interpretiert mit raffinierter Schweizer Handwerkskunst.<\/p>\n<p data-start=\"782\" data-end=\"947\"><em>The sale of this product is prohibited to persons under 18.<\/em><\/p>","protected":false},"featured_media":25347,"template":"","meta":[],"product_brand":[150,141],"product_cat":[142],"product_tag":[],"class_list":{"0":"post-25116","1":"product","2":"type-product","3":"status-publish","4":"has-post-thumbnail","6":"product_brand-karibea","7":"product_brand-mamajuana-shop-ch","8":"product_cat-mamajuana","11":"first","12":"instock","13":"shipping-taxable","14":"purchasable","15":"product-type-simple"},"yoast_head":"<!-- This site is optimized with the Yoast SEO plugin v27.2 - https:\/\/yoast.com\/product\/yoast-seo-wordpress\/ -->\n<title>200ML - Vanilla Mamajuana<\/title>\n<meta name=\"description\" content=\"Try out our homemade limited edition Vanilla Mamajuana, we only have 20 bottles available of this Mellow Mamajuana in Switzerland\" \/>\n<meta name=\"robots\" content=\"index, follow, max-snippet:-1, max-image-preview:large, max-video-preview:-1\" \/>\n<link rel=\"canonical\" href=\"https:\/\/mamajuana-shop.ch\/de\/produkt\/200ml-vanilla-mamajuana\/\" \/>\n<meta property=\"og:locale\" content=\"de_DE\" \/>\n<meta property=\"og:type\" content=\"article\" \/>\n<meta property=\"og:title\" content=\"200ML - Vanilla Mamajuana\" \/>\n<meta property=\"og:description\" content=\"Try out our homemade limited edition Vanilla Mamajuana, we only have 20 bottles available of this Mellow Mamajuana in Switzerland\" \/>\n<meta property=\"og:url\" content=\"https:\/\/mamajuana-shop.ch\/de\/produkt\/200ml-vanilla-mamajuana\/\" \/>\n<meta property=\"og:site_name\" content=\"Mamajuana Shop\" \/>\n<meta property=\"article:modified_time\" content=\"2026-01-09T14:02:10+00:00\" \/>\n<meta property=\"og:image\" content=\"https:\/\/mamajuana-shop.ch\/wp-content\/uploads\/2025\/09\/mamajuana-website-scaled.jpg\" \/>\n\t<meta property=\"og:image:width\" content=\"2560\" \/>\n\t<meta property=\"og:image:height\" content=\"1987\" \/>\n\t<meta property=\"og:image:type\" content=\"image\/jpeg\" \/>\n<meta name=\"twitter:card\" content=\"summary_large_image\" \/>\n<meta name=\"twitter:label1\" content=\"Gesch\u00e4tzte Lesezeit\" \/>\n\t<meta name=\"twitter:data1\" content=\"1\u00a0Minute\" \/>\n<script type=\"application\/ld+json\" class=\"yoast-schema-graph\">{\"@context\":\"https:\/\/schema.org\",\"@graph\":[{\"@type\":\"WebPage\",\"@id\":\"https:\/\/mamajuana-shop.ch\/product\/200ml-vanilla-mamajuana\/\",\"url\":\"https:\/\/mamajuana-shop.ch\/product\/200ml-vanilla-mamajuana\/\",\"name\":\"200ML - Vanilla Mamajuana\",\"isPartOf\":{\"@id\":\"https:\/\/mamajuana-shop.ch\/#website\"},\"primaryImageOfPage\":{\"@id\":\"https:\/\/mamajuana-shop.ch\/product\/200ml-vanilla-mamajuana\/#primaryimage\"},\"image\":{\"@id\":\"https:\/\/mamajuana-shop.ch\/product\/200ml-vanilla-mamajuana\/#primaryimage\"},\"thumbnailUrl\":\"https:\/\/i0.wp.com\/mamajuana-shop.ch\/wp-content\/uploads\/2025\/09\/mamajuana-website-scaled.jpg?fit=2560%2C1987&ssl=1\",\"datePublished\":\"2025-09-03T17:39:53+00:00\",\"dateModified\":\"2026-01-09T14:02:10+00:00\",\"description\":\"Try out our homemade limited edition Vanilla Mamajuana, we only have 20 bottles available of this Mellow Mamajuana in Switzerland\",\"breadcrumb\":{\"@id\":\"https:\/\/mamajuana-shop.ch\/product\/200ml-vanilla-mamajuana\/#breadcrumb\"},\"inLanguage\":\"de\",\"potentialAction\":[{\"@type\":\"ReadAction\",\"target\":[\"https:\/\/mamajuana-shop.ch\/product\/200ml-vanilla-mamajuana\/\"]}]},{\"@type\":\"ImageObject\",\"inLanguage\":\"de\",\"@id\":\"https:\/\/mamajuana-shop.ch\/product\/200ml-vanilla-mamajuana\/#primaryimage\",\"url\":\"https:\/\/i0.wp.com\/mamajuana-shop.ch\/wp-content\/uploads\/2025\/09\/mamajuana-website-scaled.jpg?fit=2560%2C1987&ssl=1\",\"contentUrl\":\"https:\/\/i0.wp.com\/mamajuana-shop.ch\/wp-content\/uploads\/2025\/09\/mamajuana-website-scaled.jpg?fit=2560%2C1987&ssl=1\",\"width\":2560,\"height\":1987},{\"@type\":\"BreadcrumbList\",\"@id\":\"https:\/\/mamajuana-shop.ch\/product\/200ml-vanilla-mamajuana\/#breadcrumb\",\"itemListElement\":[{\"@type\":\"ListItem\",\"position\":1,\"name\":\"Home\",\"item\":\"https:\/\/mamajuana-shop.ch\/\"},{\"@type\":\"ListItem\",\"position\":2,\"name\":\"Shop\",\"item\":\"https:\/\/mamajuana-shop.ch\/shop\/\"},{\"@type\":\"ListItem\",\"position\":3,\"name\":\"200ML &#8211; Vanilla Mamajuana\"}]},{\"@type\":\"WebSite\",\"@id\":\"https:\/\/mamajuana-shop.ch\/#website\",\"url\":\"https:\/\/mamajuana-shop.ch\/\",\"name\":\"Mamajuana Shop\",\"description\":\"Dominican mamajuana in Switzerland\",\"publisher\":{\"@id\":\"https:\/\/mamajuana-shop.ch\/#organization\"},\"potentialAction\":[{\"@type\":\"SearchAction\",\"target\":{\"@type\":\"EntryPoint\",\"urlTemplate\":\"https:\/\/mamajuana-shop.ch\/?s={search_term_string}\"},\"query-input\":{\"@type\":\"PropertyValueSpecification\",\"valueRequired\":true,\"valueName\":\"search_term_string\"}}],\"inLanguage\":\"de\"},{\"@type\":\"Organization\",\"@id\":\"https:\/\/mamajuana-shop.ch\/#organization\",\"name\":\"Mamajuana Shop\",\"url\":\"https:\/\/mamajuana-shop.ch\/\",\"logo\":{\"@type\":\"ImageObject\",\"inLanguage\":\"de\",\"@id\":\"https:\/\/mamajuana-shop.ch\/#\/schema\/logo\/image\/\",\"url\":\"https:\/\/mamajuana-shop.ch\/wp-content\/uploads\/2025\/07\/mamajuana-logo-sans-bg.png\",\"contentUrl\":\"https:\/\/mamajuana-shop.ch\/wp-content\/uploads\/2025\/07\/mamajuana-logo-sans-bg.png\",\"width\":1094,\"height\":167,\"caption\":\"Mamajuana Shop\"},\"image\":{\"@id\":\"https:\/\/mamajuana-shop.ch\/#\/schema\/logo\/image\/\"},\"sameAs\":[\"https:\/\/www.instagram.com\/mamajuana.karibea\/\"]}]}<\/script>\n<!-- \/ Yoast SEO plugin. -->","yoast_head_json":{"title":"200ML - Vanilla Mamajuana","description":"Try out our homemade limited edition Vanilla Mamajuana, we only have 20 bottles available of this Mellow Mamajuana in Switzerland","robots":{"index":"index","follow":"follow","max-snippet":"max-snippet:-1","max-image-preview":"max-image-preview:large","max-video-preview":"max-video-preview:-1"},"canonical":"https:\/\/mamajuana-shop.ch\/de\/produkt\/200ml-vanilla-mamajuana\/","og_locale":"de_DE","og_type":"article","og_title":"200ML - Vanilla Mamajuana","og_description":"Try out our homemade limited edition Vanilla Mamajuana, we only have 20 bottles available of this Mellow Mamajuana in Switzerland","og_url":"https:\/\/mamajuana-shop.ch\/de\/produkt\/200ml-vanilla-mamajuana\/","og_site_name":"Mamajuana Shop","article_modified_time":"2026-01-09T14:02:10+00:00","og_image":[{"width":2560,"height":1987,"url":"https:\/\/mamajuana-shop.ch\/wp-content\/uploads\/2025\/09\/mamajuana-website-scaled.jpg","type":"image\/jpeg"}],"twitter_card":"summary_large_image","twitter_misc":{"Gesch\u00e4tzte Lesezeit":"1\u00a0Minute"},"schema":{"@context":"https:\/\/schema.org","@graph":[{"@type":"WebPage","@id":"https:\/\/mamajuana-shop.ch\/product\/200ml-vanilla-mamajuana\/","url":"https:\/\/mamajuana-shop.ch\/product\/200ml-vanilla-mamajuana\/","name":"200ML - Vanilla Mamajuana","isPartOf":{"@id":"https:\/\/mamajuana-shop.ch\/#website"},"primaryImageOfPage":{"@id":"https:\/\/mamajuana-shop.ch\/product\/200ml-vanilla-mamajuana\/#primaryimage"},"image":{"@id":"https:\/\/mamajuana-shop.ch\/product\/200ml-vanilla-mamajuana\/#primaryimage"},"thumbnailUrl":"https:\/\/i0.wp.com\/mamajuana-shop.ch\/wp-content\/uploads\/2025\/09\/mamajuana-website-scaled.jpg?fit=2560%2C1987&ssl=1","datePublished":"2025-09-03T17:39:53+00:00","dateModified":"2026-01-09T14:02:10+00:00","description":"Try out our homemade limited edition Vanilla Mamajuana, we only have 20 bottles available of this Mellow Mamajuana in Switzerland","breadcrumb":{"@id":"https:\/\/mamajuana-shop.ch\/product\/200ml-vanilla-mamajuana\/#breadcrumb"},"inLanguage":"de","potentialAction":[{"@type":"ReadAction","target":["https:\/\/mamajuana-shop.ch\/product\/200ml-vanilla-mamajuana\/"]}]},{"@type":"ImageObject","inLanguage":"de","@id":"https:\/\/mamajuana-shop.ch\/product\/200ml-vanilla-mamajuana\/#primaryimage","url":"https:\/\/i0.wp.com\/mamajuana-shop.ch\/wp-content\/uploads\/2025\/09\/mamajuana-website-scaled.jpg?fit=2560%2C1987&ssl=1","contentUrl":"https:\/\/i0.wp.com\/mamajuana-shop.ch\/wp-content\/uploads\/2025\/09\/mamajuana-website-scaled.jpg?fit=2560%2C1987&ssl=1","width":2560,"height":1987},{"@type":"BreadcrumbList","@id":"https:\/\/mamajuana-shop.ch\/product\/200ml-vanilla-mamajuana\/#breadcrumb","itemListElement":[{"@type":"ListItem","position":1,"name":"Home","item":"https:\/\/mamajuana-shop.ch\/"},{"@type":"ListItem","position":2,"name":"Shop","item":"https:\/\/mamajuana-shop.ch\/shop\/"},{"@type":"ListItem","position":3,"name":"200ML &#8211; Vanilla Mamajuana"}]},{"@type":"WebSite","@id":"https:\/\/mamajuana-shop.ch\/#website","url":"https:\/\/mamajuana-shop.ch\/","name":"Mamajuana Shop","description":"Dominican mamajuana in Switzerland","publisher":{"@id":"https:\/\/mamajuana-shop.ch\/#organization"},"potentialAction":[{"@type":"SearchAction","target":{"@type":"EntryPoint","urlTemplate":"https:\/\/mamajuana-shop.ch\/?s={search_term_string}"},"query-input":{"@type":"PropertyValueSpecification","valueRequired":true,"valueName":"search_term_string"}}],"inLanguage":"de"},{"@type":"Organization","@id":"https:\/\/mamajuana-shop.ch\/#organization","name":"Mamajuana Shop","url":"https:\/\/mamajuana-shop.ch\/","logo":{"@type":"ImageObject","inLanguage":"de","@id":"https:\/\/mamajuana-shop.ch\/#\/schema\/logo\/image\/","url":"https:\/\/mamajuana-shop.ch\/wp-content\/uploads\/2025\/07\/mamajuana-logo-sans-bg.png","contentUrl":"https:\/\/mamajuana-shop.ch\/wp-content\/uploads\/2025\/07\/mamajuana-logo-sans-bg.png","width":1094,"height":167,"caption":"Mamajuana Shop"},"image":{"@id":"https:\/\/mamajuana-shop.ch\/#\/schema\/logo\/image\/"},"sameAs":["https:\/\/www.instagram.com\/mamajuana.karibea\/"]}]}},"jetpack_sharing_enabled":true,"_links":{"self":[{"href":"https:\/\/mamajuana-shop.ch\/de\/wp-json\/wp\/v2\/product\/25116","targetHints":{"allow":["GET"]}}],"collection":[{"href":"https:\/\/mamajuana-shop.ch\/de\/wp-json\/wp\/v2\/product"}],"about":[{"href":"https:\/\/mamajuana-shop.ch\/de\/wp-json\/wp\/v2\/types\/product"}],"version-history":[{"count":4,"href":"https:\/\/mamajuana-shop.ch\/de\/wp-json\/wp\/v2\/product\/25116\/revisions"}],"predecessor-version":[{"id":25195,"href":"https:\/\/mamajuana-shop.ch\/de\/wp-json\/wp\/v2\/product\/25116\/revisions\/25195"}],"wp:featuredmedia":[{"embeddable":true,"href":"https:\/\/mamajuana-shop.ch\/de\/wp-json\/wp\/v2\/media\/25347"}],"wp:attachment":[{"href":"https:\/\/mamajuana-shop.ch\/de\/wp-json\/wp\/v2\/media?parent=25116"}],"wp:term":[{"taxonomy":"product_brand","embeddable":true,"href":"https:\/\/mamajuana-shop.ch\/de\/wp-json\/wp\/v2\/product_brand?post=25116"},{"taxonomy":"product_cat","embeddable":true,"href":"https:\/\/mamajuana-shop.ch\/de\/wp-json\/wp\/v2\/product_cat?post=25116"},{"taxonomy":"product_tag","embeddable":true,"href":"https:\/\/mamajuana-shop.ch\/de\/wp-json\/wp\/v2\/product_tag?post=25116"}],"curies":[{"name":"wp","href":"https:\/\/api.w.org\/{rel}","templated":true}]}}