{"id":24749,"date":"2025-07-15T13:02:53","date_gmt":"2025-07-15T11:02:53","guid":{"rendered":"https:\/\/mamajuana-shop.ch\/?post_type=product&#038;p=24749"},"modified":"2026-03-20T13:15:31","modified_gmt":"2026-03-20T11:15:31","slug":"homemade-mamajuana-crafted-by-mamajuana-shop-ch-375ml","status":"publish","type":"product","link":"https:\/\/mamajuana-shop.ch\/fr\/product\/homemade-mamajuana-crafted-by-mamajuana-shop-ch-375ml\/","title":{"rendered":"375ML \u2013 Original Mamajuana"},"content":{"rendered":"<p data-start=\"186\" data-end=\"412\">D\u00e9couvrez le go\u00fbt riche et authentique de Mamajuana, soigneusement \u00e9labor\u00e9 artisanalement en Suisse par Mamajuana-Shop.ch. Notre m\u00e9lange unique allie rhum de haute qualit\u00e9, vin rouge et racines soigneusement s\u00e9lectionn\u00e9es pour une saveur onctueuse et cors\u00e9e.<\/p>\n<p data-start=\"414\" data-end=\"693\">Filtr\u00e9 22 fois pour une clart\u00e9 et une douceur exceptionnelles<br data-start=\"470\" data-end=\"473\" \/>Fabriqu\u00e9 avec du rhum de premi\u00e8re qualit\u00e9, du vin rouge et des racines naturelles<br data-start=\"523\" data-end=\"526\" \/>Contient 26 % d'alcool \u2013 parfaitement \u00e9quilibr\u00e9 en force et en go\u00fbt<br data-start=\"589\" data-end=\"592\" \/>Fabriqu\u00e9 \u00e0 la main en Suisse selon la tradition carib\u00e9enne<br data-start=\"640\" data-end=\"643\" \/>Un choix parfait pour un digestif ou un cadeau unique<\/p>\n<p>Traditionnellement d\u00e9gust\u00e9 \u00e0 temp\u00e9rature ambiante, il peut \u00e9galement \u00eatre servi frais.<\/p>\n<p data-start=\"695\" data-end=\"925\">Chaque bouteille est pr\u00e9par\u00e9e avec passion et pr\u00e9cision, apportant l'esprit des Cara\u00efbes au c\u0153ur de l'Europe. Savourez le caract\u00e8re audacieux et la finale chaleureuse et herbac\u00e9e de cet \u00e9lixir dominicain traditionnel, revisit\u00e9 avec la qualit\u00e9 suisse.<\/p>\n<p data-start=\"695\" data-end=\"925\">375ml<\/p>\n<p data-start=\"695\" data-end=\"925\"><em>The sale of this product is prohibited to persons under 18.<\/em><\/p>","protected":false},"excerpt":{"rendered":"<p data-start=\"186\" data-end=\"412\">D\u00e9couvrez le go\u00fbt riche et authentique de Mamajuana, soigneusement \u00e9labor\u00e9 artisanalement en Suisse par Mamajuana-Shop.ch. Notre m\u00e9lange unique allie rhum de haute qualit\u00e9, vin rouge et racines soigneusement s\u00e9lectionn\u00e9es pour une saveur onctueuse et cors\u00e9e.<\/p>\n<p data-start=\"414\" data-end=\"693\">Filtr\u00e9 22 fois pour une clart\u00e9 et une douceur exceptionnelles<br data-start=\"470\" data-end=\"473\" \/>Fabriqu\u00e9 avec du rhum de premi\u00e8re qualit\u00e9, du vin rouge et des racines naturelles<br data-start=\"523\" data-end=\"526\" \/>Contient 26 % d'alcool \u2013 parfaitement \u00e9quilibr\u00e9 en force et en go\u00fbt<br data-start=\"589\" data-end=\"592\" \/>Fabriqu\u00e9 \u00e0 la main en Suisse selon la tradition carib\u00e9enne<br data-start=\"640\" data-end=\"643\" \/>Un choix parfait pour un digestif ou un cadeau unique<\/p>\n<p>Traditionnellement d\u00e9gust\u00e9 \u00e0 temp\u00e9rature ambiante, il peut \u00e9galement \u00eatre servi frais.<\/p>\n<p data-start=\"695\" data-end=\"925\">Chaque bouteille est pr\u00e9par\u00e9e avec passion et pr\u00e9cision, apportant l'esprit des Cara\u00efbes au c\u0153ur de l'Europe. Savourez le caract\u00e8re audacieux et la finale chaleureuse et herbac\u00e9e de cet \u00e9lixir dominicain traditionnel, revisit\u00e9 avec la qualit\u00e9 suisse.<\/p>\n<p data-start=\"695\" data-end=\"925\">375ml<\/p>\n<p data-start=\"695\" data-end=\"925\"><em>The sale of this product is prohibited to persons under 18.<\/em><\/p>","protected":false},"featured_media":25354,"template":"","meta":[],"product_brand":[150,141],"product_cat":[142],"product_tag":[],"class_list":{"0":"post-24749","1":"product","2":"type-product","3":"status-publish","4":"has-post-thumbnail","6":"product_brand-karibea","7":"product_brand-mamajuana-shop-ch","8":"product_cat-mamajuana","11":"first","12":"instock","13":"featured","14":"shipping-taxable","15":"purchasable","16":"product-type-simple"},"yoast_head":"<!-- This site is optimized with the Yoast SEO plugin v27.2 - https:\/\/yoast.com\/product\/yoast-seo-wordpress\/ -->\n<title>Homemade Mamajuana \u2013 Crafted by Mamajuana-Shop.ch 375ML<\/title>\n<meta name=\"description\" content=\"Try out our homemade mamajuana, our best selling product is created with natural and quality ingredients carefully selected\" \/>\n<meta name=\"robots\" content=\"index, follow, max-snippet:-1, max-image-preview:large, max-video-preview:-1\" \/>\n<link rel=\"canonical\" href=\"https:\/\/mamajuana-shop.ch\/fr\/produit\/homemade-mamajuana-crafted-by-mamajuana-shop-ch-375ml\/\" \/>\n<meta property=\"og:locale\" content=\"fr_FR\" \/>\n<meta property=\"og:type\" content=\"article\" \/>\n<meta property=\"og:title\" content=\"Homemade Mamajuana \u2013 Crafted by Mamajuana-Shop.ch 375ML\" \/>\n<meta property=\"og:description\" content=\"Try out our homemade mamajuana, our best selling product is created with natural and quality ingredients carefully selected\" \/>\n<meta property=\"og:url\" content=\"https:\/\/mamajuana-shop.ch\/fr\/produit\/homemade-mamajuana-crafted-by-mamajuana-shop-ch-375ml\/\" \/>\n<meta property=\"og:site_name\" content=\"Mamajuana Shop\" \/>\n<meta property=\"article:modified_time\" content=\"2026-03-20T11:15:31+00:00\" \/>\n<meta property=\"og:image\" content=\"https:\/\/mamajuana-shop.ch\/wp-content\/uploads\/2025\/07\/site-photo-mamajuana-scaled.jpg\" \/>\n\t<meta property=\"og:image:width\" content=\"2560\" \/>\n\t<meta property=\"og:image:height\" content=\"2167\" \/>\n\t<meta property=\"og:image:type\" content=\"image\/jpeg\" \/>\n<meta name=\"twitter:card\" content=\"summary_large_image\" \/>\n<meta name=\"twitter:label1\" content=\"Dur\u00e9e de lecture estim\u00e9e\" \/>\n\t<meta name=\"twitter:data1\" content=\"1 minute\" \/>\n<script type=\"application\/ld+json\" class=\"yoast-schema-graph\">{\"@context\":\"https:\/\/schema.org\",\"@graph\":[{\"@type\":\"WebPage\",\"@id\":\"https:\/\/mamajuana-shop.ch\/product\/homemade-mamajuana-crafted-by-mamajuana-shop-ch-375ml\/\",\"url\":\"https:\/\/mamajuana-shop.ch\/product\/homemade-mamajuana-crafted-by-mamajuana-shop-ch-375ml\/\",\"name\":\"Homemade Mamajuana \u2013 Crafted by Mamajuana-Shop.ch 375ML\",\"isPartOf\":{\"@id\":\"https:\/\/mamajuana-shop.ch\/#website\"},\"primaryImageOfPage\":{\"@id\":\"https:\/\/mamajuana-shop.ch\/product\/homemade-mamajuana-crafted-by-mamajuana-shop-ch-375ml\/#primaryimage\"},\"image\":{\"@id\":\"https:\/\/mamajuana-shop.ch\/product\/homemade-mamajuana-crafted-by-mamajuana-shop-ch-375ml\/#primaryimage\"},\"thumbnailUrl\":\"https:\/\/i0.wp.com\/mamajuana-shop.ch\/wp-content\/uploads\/2025\/07\/site-photo-mamajuana-scaled.jpg?fit=2560%2C2167&ssl=1\",\"datePublished\":\"2025-07-15T11:02:53+00:00\",\"dateModified\":\"2026-03-20T11:15:31+00:00\",\"description\":\"Try out our homemade mamajuana, our best selling product is created with natural and quality ingredients carefully selected\",\"breadcrumb\":{\"@id\":\"https:\/\/mamajuana-shop.ch\/product\/homemade-mamajuana-crafted-by-mamajuana-shop-ch-375ml\/#breadcrumb\"},\"inLanguage\":\"fr-FR\",\"potentialAction\":[{\"@type\":\"ReadAction\",\"target\":[\"https:\/\/mamajuana-shop.ch\/product\/homemade-mamajuana-crafted-by-mamajuana-shop-ch-375ml\/\"]}]},{\"@type\":\"ImageObject\",\"inLanguage\":\"fr-FR\",\"@id\":\"https:\/\/mamajuana-shop.ch\/product\/homemade-mamajuana-crafted-by-mamajuana-shop-ch-375ml\/#primaryimage\",\"url\":\"https:\/\/i0.wp.com\/mamajuana-shop.ch\/wp-content\/uploads\/2025\/07\/site-photo-mamajuana-scaled.jpg?fit=2560%2C2167&ssl=1\",\"contentUrl\":\"https:\/\/i0.wp.com\/mamajuana-shop.ch\/wp-content\/uploads\/2025\/07\/site-photo-mamajuana-scaled.jpg?fit=2560%2C2167&ssl=1\",\"width\":2560,\"height\":2167,\"caption\":\"karibea mamajuana\"},{\"@type\":\"BreadcrumbList\",\"@id\":\"https:\/\/mamajuana-shop.ch\/product\/homemade-mamajuana-crafted-by-mamajuana-shop-ch-375ml\/#breadcrumb\",\"itemListElement\":[{\"@type\":\"ListItem\",\"position\":1,\"name\":\"Home\",\"item\":\"https:\/\/mamajuana-shop.ch\/\"},{\"@type\":\"ListItem\",\"position\":2,\"name\":\"Shop\",\"item\":\"https:\/\/mamajuana-shop.ch\/shop\/\"},{\"@type\":\"ListItem\",\"position\":3,\"name\":\"375ML \u2013 Original Mamajuana\"}]},{\"@type\":\"WebSite\",\"@id\":\"https:\/\/mamajuana-shop.ch\/#website\",\"url\":\"https:\/\/mamajuana-shop.ch\/\",\"name\":\"Mamajuana Shop\",\"description\":\"Dominican mamajuana in Switzerland\",\"publisher\":{\"@id\":\"https:\/\/mamajuana-shop.ch\/#organization\"},\"potentialAction\":[{\"@type\":\"SearchAction\",\"target\":{\"@type\":\"EntryPoint\",\"urlTemplate\":\"https:\/\/mamajuana-shop.ch\/?s={search_term_string}\"},\"query-input\":{\"@type\":\"PropertyValueSpecification\",\"valueRequired\":true,\"valueName\":\"search_term_string\"}}],\"inLanguage\":\"fr-FR\"},{\"@type\":\"Organization\",\"@id\":\"https:\/\/mamajuana-shop.ch\/#organization\",\"name\":\"Mamajuana Shop\",\"url\":\"https:\/\/mamajuana-shop.ch\/\",\"logo\":{\"@type\":\"ImageObject\",\"inLanguage\":\"fr-FR\",\"@id\":\"https:\/\/mamajuana-shop.ch\/#\/schema\/logo\/image\/\",\"url\":\"https:\/\/mamajuana-shop.ch\/wp-content\/uploads\/2025\/07\/mamajuana-logo-sans-bg.png\",\"contentUrl\":\"https:\/\/mamajuana-shop.ch\/wp-content\/uploads\/2025\/07\/mamajuana-logo-sans-bg.png\",\"width\":1094,\"height\":167,\"caption\":\"Mamajuana Shop\"},\"image\":{\"@id\":\"https:\/\/mamajuana-shop.ch\/#\/schema\/logo\/image\/\"},\"sameAs\":[\"https:\/\/www.instagram.com\/mamajuana.karibea\/\"]}]}<\/script>\n<!-- \/ Yoast SEO plugin. -->","yoast_head_json":{"title":"Mamajuana maison \u2013 Fabriqu\u00e9 par Mamajuana-Shop.ch 375ML","description":"Try out our homemade mamajuana, our best selling product is created with natural and quality ingredients carefully selected","robots":{"index":"index","follow":"follow","max-snippet":"max-snippet:-1","max-image-preview":"max-image-preview:large","max-video-preview":"max-video-preview:-1"},"canonical":"https:\/\/mamajuana-shop.ch\/fr\/produit\/homemade-mamajuana-crafted-by-mamajuana-shop-ch-375ml\/","og_locale":"fr_FR","og_type":"article","og_title":"Homemade Mamajuana \u2013 Crafted by Mamajuana-Shop.ch 375ML","og_description":"Try out our homemade mamajuana, our best selling product is created with natural and quality ingredients carefully selected","og_url":"https:\/\/mamajuana-shop.ch\/fr\/produit\/homemade-mamajuana-crafted-by-mamajuana-shop-ch-375ml\/","og_site_name":"Mamajuana Shop","article_modified_time":"2026-03-20T11:15:31+00:00","og_image":[{"width":2560,"height":2167,"url":"https:\/\/mamajuana-shop.ch\/wp-content\/uploads\/2025\/07\/site-photo-mamajuana-scaled.jpg","type":"image\/jpeg"}],"twitter_card":"summary_large_image","twitter_misc":{"Dur\u00e9e de lecture estim\u00e9e":"1 minute"},"schema":{"@context":"https:\/\/schema.org","@graph":[{"@type":"WebPage","@id":"https:\/\/mamajuana-shop.ch\/product\/homemade-mamajuana-crafted-by-mamajuana-shop-ch-375ml\/","url":"https:\/\/mamajuana-shop.ch\/product\/homemade-mamajuana-crafted-by-mamajuana-shop-ch-375ml\/","name":"Mamajuana maison \u2013 Fabriqu\u00e9 par Mamajuana-Shop.ch 375ML","isPartOf":{"@id":"https:\/\/mamajuana-shop.ch\/#website"},"primaryImageOfPage":{"@id":"https:\/\/mamajuana-shop.ch\/product\/homemade-mamajuana-crafted-by-mamajuana-shop-ch-375ml\/#primaryimage"},"image":{"@id":"https:\/\/mamajuana-shop.ch\/product\/homemade-mamajuana-crafted-by-mamajuana-shop-ch-375ml\/#primaryimage"},"thumbnailUrl":"https:\/\/i0.wp.com\/mamajuana-shop.ch\/wp-content\/uploads\/2025\/07\/site-photo-mamajuana-scaled.jpg?fit=2560%2C2167&ssl=1","datePublished":"2025-07-15T11:02:53+00:00","dateModified":"2026-03-20T11:15:31+00:00","description":"Try out our homemade mamajuana, our best selling product is created with natural and quality ingredients carefully selected","breadcrumb":{"@id":"https:\/\/mamajuana-shop.ch\/product\/homemade-mamajuana-crafted-by-mamajuana-shop-ch-375ml\/#breadcrumb"},"inLanguage":"fr-FR","potentialAction":[{"@type":"ReadAction","target":["https:\/\/mamajuana-shop.ch\/product\/homemade-mamajuana-crafted-by-mamajuana-shop-ch-375ml\/"]}]},{"@type":"ImageObject","inLanguage":"fr-FR","@id":"https:\/\/mamajuana-shop.ch\/product\/homemade-mamajuana-crafted-by-mamajuana-shop-ch-375ml\/#primaryimage","url":"https:\/\/i0.wp.com\/mamajuana-shop.ch\/wp-content\/uploads\/2025\/07\/site-photo-mamajuana-scaled.jpg?fit=2560%2C2167&ssl=1","contentUrl":"https:\/\/i0.wp.com\/mamajuana-shop.ch\/wp-content\/uploads\/2025\/07\/site-photo-mamajuana-scaled.jpg?fit=2560%2C2167&ssl=1","width":2560,"height":2167,"caption":"karibea mamajuana"},{"@type":"BreadcrumbList","@id":"https:\/\/mamajuana-shop.ch\/product\/homemade-mamajuana-crafted-by-mamajuana-shop-ch-375ml\/#breadcrumb","itemListElement":[{"@type":"ListItem","position":1,"name":"Home","item":"https:\/\/mamajuana-shop.ch\/"},{"@type":"ListItem","position":2,"name":"Shop","item":"https:\/\/mamajuana-shop.ch\/shop\/"},{"@type":"ListItem","position":3,"name":"375ML \u2013 Original Mamajuana"}]},{"@type":"WebSite","@id":"https:\/\/mamajuana-shop.ch\/#website","url":"https:\/\/mamajuana-shop.ch\/","name":"Boutique Mamajuana","description":"Dominican mamajuana in Switzerland","publisher":{"@id":"https:\/\/mamajuana-shop.ch\/#organization"},"potentialAction":[{"@type":"SearchAction","target":{"@type":"EntryPoint","urlTemplate":"https:\/\/mamajuana-shop.ch\/?s={search_term_string}"},"query-input":{"@type":"PropertyValueSpecification","valueRequired":true,"valueName":"search_term_string"}}],"inLanguage":"fr-FR"},{"@type":"Organization","@id":"https:\/\/mamajuana-shop.ch\/#organization","name":"Boutique Mamajuana","url":"https:\/\/mamajuana-shop.ch\/","logo":{"@type":"ImageObject","inLanguage":"fr-FR","@id":"https:\/\/mamajuana-shop.ch\/#\/schema\/logo\/image\/","url":"https:\/\/mamajuana-shop.ch\/wp-content\/uploads\/2025\/07\/mamajuana-logo-sans-bg.png","contentUrl":"https:\/\/mamajuana-shop.ch\/wp-content\/uploads\/2025\/07\/mamajuana-logo-sans-bg.png","width":1094,"height":167,"caption":"Mamajuana Shop"},"image":{"@id":"https:\/\/mamajuana-shop.ch\/#\/schema\/logo\/image\/"},"sameAs":["https:\/\/www.instagram.com\/mamajuana.karibea\/"]}]}},"jetpack_sharing_enabled":true,"_links":{"self":[{"href":"https:\/\/mamajuana-shop.ch\/fr\/wp-json\/wp\/v2\/product\/24749","targetHints":{"allow":["GET"]}}],"collection":[{"href":"https:\/\/mamajuana-shop.ch\/fr\/wp-json\/wp\/v2\/product"}],"about":[{"href":"https:\/\/mamajuana-shop.ch\/fr\/wp-json\/wp\/v2\/types\/product"}],"version-history":[{"count":6,"href":"https:\/\/mamajuana-shop.ch\/fr\/wp-json\/wp\/v2\/product\/24749\/revisions"}],"predecessor-version":[{"id":24861,"href":"https:\/\/mamajuana-shop.ch\/fr\/wp-json\/wp\/v2\/product\/24749\/revisions\/24861"}],"wp:featuredmedia":[{"embeddable":true,"href":"https:\/\/mamajuana-shop.ch\/fr\/wp-json\/wp\/v2\/media\/25354"}],"wp:attachment":[{"href":"https:\/\/mamajuana-shop.ch\/fr\/wp-json\/wp\/v2\/media?parent=24749"}],"wp:term":[{"taxonomy":"product_brand","embeddable":true,"href":"https:\/\/mamajuana-shop.ch\/fr\/wp-json\/wp\/v2\/product_brand?post=24749"},{"taxonomy":"product_cat","embeddable":true,"href":"https:\/\/mamajuana-shop.ch\/fr\/wp-json\/wp\/v2\/product_cat?post=24749"},{"taxonomy":"product_tag","embeddable":true,"href":"https:\/\/mamajuana-shop.ch\/fr\/wp-json\/wp\/v2\/product_tag?post=24749"}],"curies":[{"name":"wp","href":"https:\/\/api.w.org\/{rel}","templated":true}]}}