{"id":25116,"date":"2025-09-03T19:39:53","date_gmt":"2025-09-03T17:39:53","guid":{"rendered":"https:\/\/mamajuana-shop.ch\/?post_type=product&#038;p=25116"},"modified":"2026-01-09T16:02:10","modified_gmt":"2026-01-09T14:02:10","slug":"200ml-vanilla-mamajuana","status":"publish","type":"product","link":"https:\/\/mamajuana-shop.ch\/fr\/product\/200ml-vanilla-mamajuana\/","title":{"rendered":"200ML &#8211; Vanilla Mamajuana"},"content":{"rendered":"<p data-start=\"138\" data-end=\"209\"><strong data-start=\"138\" data-end=\"209\">Exclusive Edition Vanilla Batch Mamajuana \u2013 Only 20 Bottles were made at the beginning, after the success we receive, we decided to make Mamajuana Vanilla an official edition of Karibea and even create the 200ML version.<\/strong><\/p>\n<p data-start=\"211\" data-end=\"463\">D\u00e9couvrez une touche rare \u00e0 la tradition avec notre <strong data-start=\"255\" data-end=\"282\">Lot Vanille Mamajuana<\/strong>, fabriqu\u00e9 \u00e0 la main en Suisse par Mamajuana-Shop.ch. Cette version en petits lots m\u00e9lange du rhum de qualit\u00e9 sup\u00e9rieure, du vin rouge, de la vanille et des racines dominicaines traditionnelles pour une saveur douce et l\u00e9g\u00e8rement sucr\u00e9e.<\/p>\n<ul data-start=\"465\" data-end=\"780\">\n<li data-start=\"465\" data-end=\"521\">\n<p data-start=\"467\" data-end=\"521\">Exclusive edition<\/p>\n<\/li>\n<li data-start=\"522\" data-end=\"561\">\n<p data-start=\"524\" data-end=\"561\"><strong data-start=\"524\" data-end=\"533\">200ml<\/strong> de Mamajuana Vanille riche et onctueuse<\/p>\n<\/li>\n<li data-start=\"562\" data-end=\"610\">\n<p data-start=\"564\" data-end=\"610\">Filtr\u00e9 22 fois pour une douceur exceptionnelle<\/p>\n<\/li>\n<li data-start=\"611\" data-end=\"673\">\n<p data-start=\"613\" data-end=\"673\">Infus\u00e9 de vanille naturelle, de rhum, de vin rouge et de racines s\u00e9lectionn\u00e9es<\/p>\n<\/li>\n<li data-start=\"674\" data-end=\"721\">\n<p data-start=\"676\" data-end=\"721\">26% d'alcool \u2013 doux et parfaitement \u00e9quilibr\u00e9<\/p>\n<\/li>\n<li data-start=\"722\" data-end=\"780\">\n<p data-start=\"724\" data-end=\"780\">Fabriqu\u00e9 \u00e0 la main en Suisse selon la tradition carib\u00e9enne<\/p>\n<\/li>\n<li data-start=\"722\" data-end=\"780\">Traditionnellement d\u00e9gust\u00e9 \u00e0 temp\u00e9rature ambiante, il peut \u00e9galement \u00eatre servi frais.<\/li>\n<\/ul>\n<p data-start=\"782\" data-end=\"947\">Chaleureuse, aromatique et subtilement sucr\u00e9e, cette Mamajuana exclusive est le parfait digestif ou cadeau de collection. Un h\u00e9ritage audacieux, r\u00e9invent\u00e9 avec un savoir-faire suisse raffin\u00e9.<\/p>\n<p data-start=\"782\" data-end=\"947\"><em>The sale of this product is prohibited to persons under 18.<\/em><\/p>","protected":false},"excerpt":{"rendered":"<p data-start=\"138\" data-end=\"209\"><strong data-start=\"138\" data-end=\"209\">Exclusive Edition Vanilla Batch Mamajuana \u2013 Only 20 Bottles were made at the beginning, after the success we receive, we decided to make Mamajuana Vanilla an official edition of Karibea and even create the 200ML version.<\/strong><\/p>\n<p data-start=\"211\" data-end=\"463\">D\u00e9couvrez une touche rare \u00e0 la tradition avec notre <strong data-start=\"255\" data-end=\"282\">Lot Vanille Mamajuana<\/strong>, fabriqu\u00e9 \u00e0 la main en Suisse par Mamajuana-Shop.ch. Cette version en petits lots m\u00e9lange du rhum de qualit\u00e9 sup\u00e9rieure, du vin rouge, de la vanille et des racines dominicaines traditionnelles pour une saveur douce et l\u00e9g\u00e8rement sucr\u00e9e.<\/p>\n<ul data-start=\"465\" data-end=\"780\">\n<li data-start=\"465\" data-end=\"521\">\n<p data-start=\"467\" data-end=\"521\">Exclusive edition<\/p>\n<\/li>\n<li data-start=\"522\" data-end=\"561\">\n<p data-start=\"524\" data-end=\"561\"><strong data-start=\"524\" data-end=\"533\">200ml<\/strong> de Mamajuana Vanille riche et onctueuse<\/p>\n<\/li>\n<li data-start=\"562\" data-end=\"610\">\n<p data-start=\"564\" data-end=\"610\">Filtr\u00e9 22 fois pour une douceur exceptionnelle<\/p>\n<\/li>\n<li data-start=\"611\" data-end=\"673\">\n<p data-start=\"613\" data-end=\"673\">Infus\u00e9 de vanille naturelle, de rhum, de vin rouge et de racines s\u00e9lectionn\u00e9es<\/p>\n<\/li>\n<li data-start=\"674\" data-end=\"721\">\n<p data-start=\"676\" data-end=\"721\">26% d'alcool \u2013 doux et parfaitement \u00e9quilibr\u00e9<\/p>\n<\/li>\n<li data-start=\"722\" data-end=\"780\">\n<p data-start=\"724\" data-end=\"780\">Fabriqu\u00e9 \u00e0 la main en Suisse selon la tradition carib\u00e9enne<\/p>\n<\/li>\n<li data-start=\"722\" data-end=\"780\">Traditionnellement d\u00e9gust\u00e9 \u00e0 temp\u00e9rature ambiante, il peut \u00e9galement \u00eatre servi frais.<\/li>\n<\/ul>\n<p data-start=\"782\" data-end=\"947\">Chaleureuse, aromatique et subtilement sucr\u00e9e, cette Mamajuana exclusive est le parfait digestif ou cadeau de collection. Un h\u00e9ritage audacieux, r\u00e9invent\u00e9 avec un savoir-faire suisse raffin\u00e9.<\/p>\n<p data-start=\"782\" data-end=\"947\"><em>The sale of this product is prohibited to persons under 18.<\/em><\/p>","protected":false},"featured_media":25347,"template":"","meta":[],"product_brand":[150,141],"product_cat":[142],"product_tag":[],"class_list":{"0":"post-25116","1":"product","2":"type-product","3":"status-publish","4":"has-post-thumbnail","6":"product_brand-karibea","7":"product_brand-mamajuana-shop-ch","8":"product_cat-mamajuana","11":"first","12":"instock","13":"shipping-taxable","14":"purchasable","15":"product-type-simple"},"yoast_head":"<!-- This site is optimized with the Yoast SEO plugin v27.2 - https:\/\/yoast.com\/product\/yoast-seo-wordpress\/ -->\n<title>200ML - Vanilla Mamajuana<\/title>\n<meta name=\"description\" content=\"Try out our homemade limited edition Vanilla Mamajuana, we only have 20 bottles available of this Mellow Mamajuana in Switzerland\" \/>\n<meta name=\"robots\" content=\"index, follow, max-snippet:-1, max-image-preview:large, max-video-preview:-1\" \/>\n<link rel=\"canonical\" href=\"https:\/\/mamajuana-shop.ch\/fr\/produit\/200ml-vanilla-mamajuana\/\" \/>\n<meta property=\"og:locale\" content=\"fr_FR\" \/>\n<meta property=\"og:type\" content=\"article\" \/>\n<meta property=\"og:title\" content=\"200ML - Vanilla Mamajuana\" \/>\n<meta property=\"og:description\" content=\"Try out our homemade limited edition Vanilla Mamajuana, we only have 20 bottles available of this Mellow Mamajuana in Switzerland\" \/>\n<meta property=\"og:url\" content=\"https:\/\/mamajuana-shop.ch\/fr\/produit\/200ml-vanilla-mamajuana\/\" \/>\n<meta property=\"og:site_name\" content=\"Mamajuana Shop\" \/>\n<meta property=\"article:modified_time\" content=\"2026-01-09T14:02:10+00:00\" \/>\n<meta property=\"og:image\" content=\"https:\/\/mamajuana-shop.ch\/wp-content\/uploads\/2025\/09\/mamajuana-website-scaled.jpg\" \/>\n\t<meta property=\"og:image:width\" content=\"2560\" \/>\n\t<meta property=\"og:image:height\" content=\"1987\" \/>\n\t<meta property=\"og:image:type\" content=\"image\/jpeg\" \/>\n<meta name=\"twitter:card\" content=\"summary_large_image\" \/>\n<meta name=\"twitter:label1\" content=\"Dur\u00e9e de lecture estim\u00e9e\" \/>\n\t<meta name=\"twitter:data1\" content=\"1 minute\" \/>\n<script type=\"application\/ld+json\" class=\"yoast-schema-graph\">{\"@context\":\"https:\/\/schema.org\",\"@graph\":[{\"@type\":\"WebPage\",\"@id\":\"https:\/\/mamajuana-shop.ch\/product\/200ml-vanilla-mamajuana\/\",\"url\":\"https:\/\/mamajuana-shop.ch\/product\/200ml-vanilla-mamajuana\/\",\"name\":\"200ML - Vanilla Mamajuana\",\"isPartOf\":{\"@id\":\"https:\/\/mamajuana-shop.ch\/#website\"},\"primaryImageOfPage\":{\"@id\":\"https:\/\/mamajuana-shop.ch\/product\/200ml-vanilla-mamajuana\/#primaryimage\"},\"image\":{\"@id\":\"https:\/\/mamajuana-shop.ch\/product\/200ml-vanilla-mamajuana\/#primaryimage\"},\"thumbnailUrl\":\"https:\/\/i0.wp.com\/mamajuana-shop.ch\/wp-content\/uploads\/2025\/09\/mamajuana-website-scaled.jpg?fit=2560%2C1987&ssl=1\",\"datePublished\":\"2025-09-03T17:39:53+00:00\",\"dateModified\":\"2026-01-09T14:02:10+00:00\",\"description\":\"Try out our homemade limited edition Vanilla Mamajuana, we only have 20 bottles available of this Mellow Mamajuana in Switzerland\",\"breadcrumb\":{\"@id\":\"https:\/\/mamajuana-shop.ch\/product\/200ml-vanilla-mamajuana\/#breadcrumb\"},\"inLanguage\":\"fr-FR\",\"potentialAction\":[{\"@type\":\"ReadAction\",\"target\":[\"https:\/\/mamajuana-shop.ch\/product\/200ml-vanilla-mamajuana\/\"]}]},{\"@type\":\"ImageObject\",\"inLanguage\":\"fr-FR\",\"@id\":\"https:\/\/mamajuana-shop.ch\/product\/200ml-vanilla-mamajuana\/#primaryimage\",\"url\":\"https:\/\/i0.wp.com\/mamajuana-shop.ch\/wp-content\/uploads\/2025\/09\/mamajuana-website-scaled.jpg?fit=2560%2C1987&ssl=1\",\"contentUrl\":\"https:\/\/i0.wp.com\/mamajuana-shop.ch\/wp-content\/uploads\/2025\/09\/mamajuana-website-scaled.jpg?fit=2560%2C1987&ssl=1\",\"width\":2560,\"height\":1987},{\"@type\":\"BreadcrumbList\",\"@id\":\"https:\/\/mamajuana-shop.ch\/product\/200ml-vanilla-mamajuana\/#breadcrumb\",\"itemListElement\":[{\"@type\":\"ListItem\",\"position\":1,\"name\":\"Home\",\"item\":\"https:\/\/mamajuana-shop.ch\/\"},{\"@type\":\"ListItem\",\"position\":2,\"name\":\"Shop\",\"item\":\"https:\/\/mamajuana-shop.ch\/shop\/\"},{\"@type\":\"ListItem\",\"position\":3,\"name\":\"200ML &#8211; Vanilla Mamajuana\"}]},{\"@type\":\"WebSite\",\"@id\":\"https:\/\/mamajuana-shop.ch\/#website\",\"url\":\"https:\/\/mamajuana-shop.ch\/\",\"name\":\"Mamajuana Shop\",\"description\":\"Dominican mamajuana in Switzerland\",\"publisher\":{\"@id\":\"https:\/\/mamajuana-shop.ch\/#organization\"},\"potentialAction\":[{\"@type\":\"SearchAction\",\"target\":{\"@type\":\"EntryPoint\",\"urlTemplate\":\"https:\/\/mamajuana-shop.ch\/?s={search_term_string}\"},\"query-input\":{\"@type\":\"PropertyValueSpecification\",\"valueRequired\":true,\"valueName\":\"search_term_string\"}}],\"inLanguage\":\"fr-FR\"},{\"@type\":\"Organization\",\"@id\":\"https:\/\/mamajuana-shop.ch\/#organization\",\"name\":\"Mamajuana Shop\",\"url\":\"https:\/\/mamajuana-shop.ch\/\",\"logo\":{\"@type\":\"ImageObject\",\"inLanguage\":\"fr-FR\",\"@id\":\"https:\/\/mamajuana-shop.ch\/#\/schema\/logo\/image\/\",\"url\":\"https:\/\/mamajuana-shop.ch\/wp-content\/uploads\/2025\/07\/mamajuana-logo-sans-bg.png\",\"contentUrl\":\"https:\/\/mamajuana-shop.ch\/wp-content\/uploads\/2025\/07\/mamajuana-logo-sans-bg.png\",\"width\":1094,\"height\":167,\"caption\":\"Mamajuana Shop\"},\"image\":{\"@id\":\"https:\/\/mamajuana-shop.ch\/#\/schema\/logo\/image\/\"},\"sameAs\":[\"https:\/\/www.instagram.com\/mamajuana.karibea\/\"]}]}<\/script>\n<!-- \/ Yoast SEO plugin. -->","yoast_head_json":{"title":"200ML - Vanilla Mamajuana","description":"Try out our homemade limited edition Vanilla Mamajuana, we only have 20 bottles available of this Mellow Mamajuana in Switzerland","robots":{"index":"index","follow":"follow","max-snippet":"max-snippet:-1","max-image-preview":"max-image-preview:large","max-video-preview":"max-video-preview:-1"},"canonical":"https:\/\/mamajuana-shop.ch\/fr\/produit\/200ml-vanilla-mamajuana\/","og_locale":"fr_FR","og_type":"article","og_title":"200ML - Vanilla Mamajuana","og_description":"Try out our homemade limited edition Vanilla Mamajuana, we only have 20 bottles available of this Mellow Mamajuana in Switzerland","og_url":"https:\/\/mamajuana-shop.ch\/fr\/produit\/200ml-vanilla-mamajuana\/","og_site_name":"Mamajuana Shop","article_modified_time":"2026-01-09T14:02:10+00:00","og_image":[{"width":2560,"height":1987,"url":"https:\/\/mamajuana-shop.ch\/wp-content\/uploads\/2025\/09\/mamajuana-website-scaled.jpg","type":"image\/jpeg"}],"twitter_card":"summary_large_image","twitter_misc":{"Dur\u00e9e de lecture estim\u00e9e":"1 minute"},"schema":{"@context":"https:\/\/schema.org","@graph":[{"@type":"WebPage","@id":"https:\/\/mamajuana-shop.ch\/product\/200ml-vanilla-mamajuana\/","url":"https:\/\/mamajuana-shop.ch\/product\/200ml-vanilla-mamajuana\/","name":"200ML - Vanilla Mamajuana","isPartOf":{"@id":"https:\/\/mamajuana-shop.ch\/#website"},"primaryImageOfPage":{"@id":"https:\/\/mamajuana-shop.ch\/product\/200ml-vanilla-mamajuana\/#primaryimage"},"image":{"@id":"https:\/\/mamajuana-shop.ch\/product\/200ml-vanilla-mamajuana\/#primaryimage"},"thumbnailUrl":"https:\/\/i0.wp.com\/mamajuana-shop.ch\/wp-content\/uploads\/2025\/09\/mamajuana-website-scaled.jpg?fit=2560%2C1987&ssl=1","datePublished":"2025-09-03T17:39:53+00:00","dateModified":"2026-01-09T14:02:10+00:00","description":"Try out our homemade limited edition Vanilla Mamajuana, we only have 20 bottles available of this Mellow Mamajuana in Switzerland","breadcrumb":{"@id":"https:\/\/mamajuana-shop.ch\/product\/200ml-vanilla-mamajuana\/#breadcrumb"},"inLanguage":"fr-FR","potentialAction":[{"@type":"ReadAction","target":["https:\/\/mamajuana-shop.ch\/product\/200ml-vanilla-mamajuana\/"]}]},{"@type":"ImageObject","inLanguage":"fr-FR","@id":"https:\/\/mamajuana-shop.ch\/product\/200ml-vanilla-mamajuana\/#primaryimage","url":"https:\/\/i0.wp.com\/mamajuana-shop.ch\/wp-content\/uploads\/2025\/09\/mamajuana-website-scaled.jpg?fit=2560%2C1987&ssl=1","contentUrl":"https:\/\/i0.wp.com\/mamajuana-shop.ch\/wp-content\/uploads\/2025\/09\/mamajuana-website-scaled.jpg?fit=2560%2C1987&ssl=1","width":2560,"height":1987},{"@type":"BreadcrumbList","@id":"https:\/\/mamajuana-shop.ch\/product\/200ml-vanilla-mamajuana\/#breadcrumb","itemListElement":[{"@type":"ListItem","position":1,"name":"Home","item":"https:\/\/mamajuana-shop.ch\/"},{"@type":"ListItem","position":2,"name":"Shop","item":"https:\/\/mamajuana-shop.ch\/shop\/"},{"@type":"ListItem","position":3,"name":"200ML &#8211; Vanilla Mamajuana"}]},{"@type":"WebSite","@id":"https:\/\/mamajuana-shop.ch\/#website","url":"https:\/\/mamajuana-shop.ch\/","name":"Boutique Mamajuana","description":"Dominican mamajuana in Switzerland","publisher":{"@id":"https:\/\/mamajuana-shop.ch\/#organization"},"potentialAction":[{"@type":"SearchAction","target":{"@type":"EntryPoint","urlTemplate":"https:\/\/mamajuana-shop.ch\/?s={search_term_string}"},"query-input":{"@type":"PropertyValueSpecification","valueRequired":true,"valueName":"search_term_string"}}],"inLanguage":"fr-FR"},{"@type":"Organization","@id":"https:\/\/mamajuana-shop.ch\/#organization","name":"Boutique Mamajuana","url":"https:\/\/mamajuana-shop.ch\/","logo":{"@type":"ImageObject","inLanguage":"fr-FR","@id":"https:\/\/mamajuana-shop.ch\/#\/schema\/logo\/image\/","url":"https:\/\/mamajuana-shop.ch\/wp-content\/uploads\/2025\/07\/mamajuana-logo-sans-bg.png","contentUrl":"https:\/\/mamajuana-shop.ch\/wp-content\/uploads\/2025\/07\/mamajuana-logo-sans-bg.png","width":1094,"height":167,"caption":"Mamajuana Shop"},"image":{"@id":"https:\/\/mamajuana-shop.ch\/#\/schema\/logo\/image\/"},"sameAs":["https:\/\/www.instagram.com\/mamajuana.karibea\/"]}]}},"jetpack_sharing_enabled":true,"_links":{"self":[{"href":"https:\/\/mamajuana-shop.ch\/fr\/wp-json\/wp\/v2\/product\/25116","targetHints":{"allow":["GET"]}}],"collection":[{"href":"https:\/\/mamajuana-shop.ch\/fr\/wp-json\/wp\/v2\/product"}],"about":[{"href":"https:\/\/mamajuana-shop.ch\/fr\/wp-json\/wp\/v2\/types\/product"}],"version-history":[{"count":4,"href":"https:\/\/mamajuana-shop.ch\/fr\/wp-json\/wp\/v2\/product\/25116\/revisions"}],"predecessor-version":[{"id":25195,"href":"https:\/\/mamajuana-shop.ch\/fr\/wp-json\/wp\/v2\/product\/25116\/revisions\/25195"}],"wp:featuredmedia":[{"embeddable":true,"href":"https:\/\/mamajuana-shop.ch\/fr\/wp-json\/wp\/v2\/media\/25347"}],"wp:attachment":[{"href":"https:\/\/mamajuana-shop.ch\/fr\/wp-json\/wp\/v2\/media?parent=25116"}],"wp:term":[{"taxonomy":"product_brand","embeddable":true,"href":"https:\/\/mamajuana-shop.ch\/fr\/wp-json\/wp\/v2\/product_brand?post=25116"},{"taxonomy":"product_cat","embeddable":true,"href":"https:\/\/mamajuana-shop.ch\/fr\/wp-json\/wp\/v2\/product_cat?post=25116"},{"taxonomy":"product_tag","embeddable":true,"href":"https:\/\/mamajuana-shop.ch\/fr\/wp-json\/wp\/v2\/product_tag?post=25116"}],"curies":[{"name":"wp","href":"https:\/\/api.w.org\/{rel}","templated":true}]}}